{"id":2597,"date":"2025-05-28T11:31:47","date_gmt":"2025-05-28T09:31:47","guid":{"rendered":"https:\/\/portagasto.com\/politica-cookies\/"},"modified":"2025-07-21T16:11:42","modified_gmt":"2025-07-21T14:11:42","slug":"politica-cookiees","status":"publish","type":"page","link":"https:\/\/portagasto.com\/es\/politica-cookiees\/","title":{"rendered":"Pol\u00edtica de Cookies"},"content":{"rendered":"<div class=\"fusion-fullwidth fullwidth-box fusion-builder-row-1 fusion-flex-container has-pattern-background has-mask-background nonhundred-percent-fullwidth non-hundred-percent-height-scrolling\" style=\"--awb-border-radius-top-left:0px;--awb-border-radius-top-right:0px;--awb-border-radius-bottom-right:0px;--awb-border-radius-bottom-left:0px;--awb-padding-top:60px;--awb-padding-bottom:60px;--awb-flex-wrap:wrap;\" ><div class=\"fusion-builder-row fusion-row fusion-flex-align-items-flex-start fusion-flex-content-wrap\" style=\"max-width:1248px;margin-left: calc(-4% \/ 2 );margin-right: calc(-4% \/ 2 );\"><div class=\"fusion-layout-column fusion_builder_column fusion-builder-column-0 fusion_builder_column_1_1 1_1 fusion-flex-column\" style=\"--awb-bg-size:cover;--awb-width-large:100%;--awb-spacing-right-large:1.92%;--awb-margin-bottom-large:0px;--awb-spacing-left-large:1.92%;--awb-width-medium:100%;--awb-order-medium:0;--awb-spacing-right-medium:1.92%;--awb-spacing-left-medium:1.92%;--awb-width-small:100%;--awb-order-small:0;--awb-spacing-right-small:1.92%;--awb-spacing-left-small:1.92%;\"><div class=\"fusion-column-wrapper fusion-column-has-shadow fusion-flex-justify-content-flex-start fusion-content-layout-column\"><div class=\"fusion-text fusion-text-1 fusion-text-no-margin\" style=\"--awb-text-color:var(--awb-color8);--awb-margin-bottom:30px;\"><div style=\"text-align: justify;\">\n<p data-start=\"99\" data-end=\"518\"><strong data-start=\"99\" data-end=\"518\">Esta p\u00e1gina web utiliza cookies para mejorar la experiencia del usuario. A continuaci\u00f3n encontrar\u00e1 informaci\u00f3n sobre qu\u00e9 son las cookies, qu\u00e9 tipos de cookies utiliza esta p\u00e1gina, c\u00f3mo puede desactivar las cookies en su navegador y c\u00f3mo desactivar espec\u00edficamente la instalaci\u00f3n de cookies de terceros. Si no encuentra la informaci\u00f3n espec\u00edfica que est\u00e1 buscando, por favor env\u00ede un correo a <a class=\"cursor-pointer\" rel=\"noopener\" data-start=\"493\" data-end=\"515\">consfporta@hotmail.com<\/a>.<\/strong><\/p>\n<p data-start=\"520\" data-end=\"545\"><strong data-start=\"520\" data-end=\"545\">\u00bfQu\u00e9 son las cookies?<\/strong><\/p>\n<p data-start=\"547\" data-end=\"1001\">Las cookies son \u00fatiles por diversos motivos. Desde un punto de vista t\u00e9cnico, permiten que las p\u00e1ginas web funcionen de forma m\u00e1s \u00e1gil y adaptada a sus preferencias, como por ejemplo almacenar su idioma o la moneda de su pa\u00eds. Adem\u00e1s, ayudan a los responsables de los sitios web a mejorar los servicios que ofrecen, gracias a la informaci\u00f3n estad\u00edstica que recogen a trav\u00e9s de ellas, y sirven para hacer m\u00e1s eficiente la publicidad que podemos mostrarle.<\/p>\n<p data-start=\"1003\" data-end=\"1056\"><strong data-start=\"1003\" data-end=\"1056\">\u00bfQu\u00e9 uso damos a los diferentes tipos de cookies?<\/strong><\/p>\n<ul data-start=\"1058\" data-end=\"1858\">\n<li data-start=\"1058\" data-end=\"1199\">\n<p data-start=\"1060\" data-end=\"1199\"><strong data-start=\"1060\" data-end=\"1082\">Cookies de sesi\u00f3n:<\/strong> Son aquellas que duran el tiempo que el usuario est\u00e1 navegando por la p\u00e1gina web y se borran al finalizar la sesi\u00f3n.<\/p>\n<\/li>\n<li data-start=\"1201\" data-end=\"1455\">\n<p data-start=\"1203\" data-end=\"1455\"><strong data-start=\"1203\" data-end=\"1228\">Cookies persistentes:<\/strong> Estas cookies quedan almacenadas en el dispositivo del usuario durante un tiempo m\u00e1s largo, facilitando as\u00ed el control de las preferencias escogidas sin tener que repetir ciertos par\u00e1metros cada vez que se visite el sitio web.<\/p>\n<\/li>\n<li data-start=\"1457\" data-end=\"1702\">\n<p data-start=\"1459\" data-end=\"1702\"><strong data-start=\"1459\" data-end=\"1479\">Cookies propias:<\/strong> Son cookies creadas por el sitio web y que solo puede leer la propia p\u00e1gina. Por ejemplo: cookies t\u00e9cnicas para la carga de im\u00e1genes, cookies de personalizaci\u00f3n de par\u00e1metros de la web, cookies de an\u00e1lisis de tr\u00e1fico, etc.<\/p>\n<\/li>\n<li data-start=\"1704\" data-end=\"1858\">\n<p data-start=\"1706\" data-end=\"1858\"><strong data-start=\"1706\" data-end=\"1730\">Cookies de terceros:<\/strong> Son cookies creadas por terceros y que utilizamos para diferentes servicios (por ejemplo, an\u00e1lisis del sitio web o publicidad).<\/p>\n<\/li>\n<\/ul>\n<p data-start=\"1860\" data-end=\"1883\"><strong data-start=\"1860\" data-end=\"1883\">Seg\u00fan su finalidad:<\/strong><\/p>\n<ul data-start=\"1885\" data-end=\"2874\">\n<li data-start=\"1885\" data-end=\"2282\">\n<p data-start=\"1887\" data-end=\"2282\"><strong data-start=\"1887\" data-end=\"1908\">Cookies t\u00e9cnicas:<\/strong> Son imprescindibles y estrictamente necesarias para el correcto funcionamiento de un portal web y la utilizaci\u00f3n de las diferentes opciones y servicios que ofrece. Por ejemplo, las que sirven para el mantenimiento de la sesi\u00f3n, gesti\u00f3n del tiempo de respuesta, rendimiento o validaci\u00f3n de opciones, uso de elementos de seguridad, compartir contenido en redes sociales, etc.<\/p>\n<\/li>\n<li data-start=\"2284\" data-end=\"2508\">\n<p data-start=\"2286\" data-end=\"2508\"><strong data-start=\"2286\" data-end=\"2317\">Cookies de personalizaci\u00f3n:<\/strong> Permiten al usuario especificar o personalizar algunas caracter\u00edsticas de las opciones generales de la p\u00e1gina web, por ejemplo, definir el idioma, configuraci\u00f3n regional o tipo de navegador.<\/p>\n<\/li>\n<li data-start=\"2510\" data-end=\"2874\">\n<p data-start=\"2512\" data-end=\"2874\"><strong data-start=\"2512\" data-end=\"2535\">Cookies anal\u00edticas:<\/strong> Son las utilizadas por nuestro portal web para elaborar perfiles de navegaci\u00f3n y conocer las preferencias de los usuarios con el fin de mejorar la oferta de productos y servicios. Por ejemplo, mediante una cookie anal\u00edtica se controlar\u00edan las \u00e1reas geogr\u00e1ficas de mayor inter\u00e9s de un usuario, cu\u00e1l es el producto de mayor aceptaci\u00f3n, etc.<\/p>\n<\/li>\n<li data-start=\"2510\" data-end=\"2874\"><strong data-start=\"98\" data-end=\"124\"><b>Cookies publicitarias:<\/b> <\/strong>Las cookies publicitarias permiten la gesti\u00f3n de los espacios publicitarios en base a criterios concretos. Por ejemplo, la frecuencia de acceso, el contenido mostrado, etc. Las cookies de publicidad permiten, mediante la gesti\u00f3n de la publicidad, almacenar informaci\u00f3n del comportamiento a trav\u00e9s de la observaci\u00f3n de h\u00e1bitos, estudiando los accesos y formando un perfil de preferencias del usuario, para ofrecer publicidad relacionada con los intereses de su perfil.<\/li>\n<\/ul>\n<\/div>\n<\/div><\/div><\/div><\/div><\/div>\n","protected":false},"excerpt":{"rendered":"","protected":false},"author":1,"featured_media":2540,"parent":0,"menu_order":0,"comment_status":"closed","ping_status":"closed","template":"100-width.php","meta":{"_acf_changed":false,"footnotes":""},"class_list":["post-2597","page","type-page","status-publish","has-post-thumbnail","hentry"],"acf":[],"yoast_head":"<!-- This site is optimized with the Yoast SEO plugin v25.2 - https:\/\/yoast.com\/wordpress\/plugins\/seo\/ -->\n<title>Pol\u00edtica de Cookies - Porta Gast\u00f3<\/title>\n<meta name=\"robots\" content=\"index, follow, max-snippet:-1, max-image-preview:large, max-video-preview:-1\" \/>\n<link rel=\"canonical\" href=\"https:\/\/portagasto.com\/es\/politica-cookiees\/\" \/>\n<meta property=\"og:locale\" content=\"es_ES\" \/>\n<meta property=\"og:type\" content=\"article\" \/>\n<meta property=\"og:title\" content=\"Pol\u00edtica de Cookies - Porta Gast\u00f3\" \/>\n<meta property=\"og:url\" content=\"https:\/\/portagasto.com\/es\/politica-cookiees\/\" \/>\n<meta property=\"og:site_name\" content=\"Porta Gast\u00f3\" \/>\n<meta property=\"article:modified_time\" content=\"2025-07-21T14:11:42+00:00\" \/>\n<meta property=\"og:image\" content=\"https:\/\/portagasto.com\/wp-content\/uploads\/2025\/05\/porta-gasto-cta.jpg\" \/>\n\t<meta property=\"og:image:width\" content=\"1000\" \/>\n\t<meta property=\"og:image:height\" content=\"1000\" \/>\n\t<meta property=\"og:image:type\" content=\"image\/jpeg\" \/>\n<meta name=\"twitter:card\" content=\"summary_large_image\" \/>\n<meta name=\"twitter:label1\" content=\"Tiempo de lectura\" \/>\n\t<meta name=\"twitter:data1\" content=\"3 minutos\" \/>\n<script type=\"application\/ld+json\" class=\"yoast-schema-graph\">{\"@context\":\"https:\/\/schema.org\",\"@graph\":[{\"@type\":\"WebPage\",\"@id\":\"https:\/\/portagasto.com\/es\/politica-cookiees\/\",\"url\":\"https:\/\/portagasto.com\/es\/politica-cookiees\/\",\"name\":\"Pol\u00edtica de Cookies - Porta Gast\u00f3\",\"isPartOf\":{\"@id\":\"https:\/\/portagasto.com\/es\/#website\"},\"primaryImageOfPage\":{\"@id\":\"https:\/\/portagasto.com\/es\/politica-cookiees\/#primaryimage\"},\"image\":{\"@id\":\"https:\/\/portagasto.com\/es\/politica-cookiees\/#primaryimage\"},\"thumbnailUrl\":\"https:\/\/portagasto.com\/wp-content\/uploads\/2025\/05\/porta-gasto-cta.jpg\",\"datePublished\":\"2025-05-28T09:31:47+00:00\",\"dateModified\":\"2025-07-21T14:11:42+00:00\",\"breadcrumb\":{\"@id\":\"https:\/\/portagasto.com\/es\/politica-cookiees\/#breadcrumb\"},\"inLanguage\":\"es\",\"potentialAction\":[{\"@type\":\"ReadAction\",\"target\":[\"https:\/\/portagasto.com\/es\/politica-cookiees\/\"]}]},{\"@type\":\"ImageObject\",\"inLanguage\":\"es\",\"@id\":\"https:\/\/portagasto.com\/es\/politica-cookiees\/#primaryimage\",\"url\":\"https:\/\/portagasto.com\/wp-content\/uploads\/2025\/05\/porta-gasto-cta.jpg\",\"contentUrl\":\"https:\/\/portagasto.com\/wp-content\/uploads\/2025\/05\/porta-gasto-cta.jpg\",\"width\":1000,\"height\":1000,\"caption\":\"El nostre equip t\u2019acompanya en tot el proc\u00e9s, de principi a fi. Creem espais amb criteris d\u2019efici\u00e8ncia, qualitat i durabilitat.\"},{\"@type\":\"BreadcrumbList\",\"@id\":\"https:\/\/portagasto.com\/es\/politica-cookiees\/#breadcrumb\",\"itemListElement\":[{\"@type\":\"ListItem\",\"position\":1,\"name\":\"Inici\",\"item\":\"https:\/\/portagasto.com\/es\/\"},{\"@type\":\"ListItem\",\"position\":2,\"name\":\"Pol\u00edtica de Cookies\"}]},{\"@type\":\"WebSite\",\"@id\":\"https:\/\/portagasto.com\/es\/#website\",\"url\":\"https:\/\/portagasto.com\/es\/\",\"name\":\"Porta Gast\u00f3\",\"description\":\"Solucions completes en construcci\u00f3, reformes i instal\u00b7lacions. Ens ocupem de tot perqu\u00e8 no t\u2019hagis de preocupar de res.\",\"potentialAction\":[{\"@type\":\"SearchAction\",\"target\":{\"@type\":\"EntryPoint\",\"urlTemplate\":\"https:\/\/portagasto.com\/es\/?s={search_term_string}\"},\"query-input\":{\"@type\":\"PropertyValueSpecification\",\"valueRequired\":true,\"valueName\":\"search_term_string\"}}],\"inLanguage\":\"es\"}]}<\/script>\n<!-- \/ Yoast SEO plugin. -->","yoast_head_json":{"title":"Pol\u00edtica de Cookies - Porta Gast\u00f3","robots":{"index":"index","follow":"follow","max-snippet":"max-snippet:-1","max-image-preview":"max-image-preview:large","max-video-preview":"max-video-preview:-1"},"canonical":"https:\/\/portagasto.com\/es\/politica-cookiees\/","og_locale":"es_ES","og_type":"article","og_title":"Pol\u00edtica de Cookies - Porta Gast\u00f3","og_url":"https:\/\/portagasto.com\/es\/politica-cookiees\/","og_site_name":"Porta Gast\u00f3","article_modified_time":"2025-07-21T14:11:42+00:00","og_image":[{"width":1000,"height":1000,"url":"https:\/\/portagasto.com\/wp-content\/uploads\/2025\/05\/porta-gasto-cta.jpg","type":"image\/jpeg"}],"twitter_card":"summary_large_image","twitter_misc":{"Tiempo de lectura":"3 minutos"},"schema":{"@context":"https:\/\/schema.org","@graph":[{"@type":"WebPage","@id":"https:\/\/portagasto.com\/es\/politica-cookiees\/","url":"https:\/\/portagasto.com\/es\/politica-cookiees\/","name":"Pol\u00edtica de Cookies - Porta Gast\u00f3","isPartOf":{"@id":"https:\/\/portagasto.com\/es\/#website"},"primaryImageOfPage":{"@id":"https:\/\/portagasto.com\/es\/politica-cookiees\/#primaryimage"},"image":{"@id":"https:\/\/portagasto.com\/es\/politica-cookiees\/#primaryimage"},"thumbnailUrl":"https:\/\/portagasto.com\/wp-content\/uploads\/2025\/05\/porta-gasto-cta.jpg","datePublished":"2025-05-28T09:31:47+00:00","dateModified":"2025-07-21T14:11:42+00:00","breadcrumb":{"@id":"https:\/\/portagasto.com\/es\/politica-cookiees\/#breadcrumb"},"inLanguage":"es","potentialAction":[{"@type":"ReadAction","target":["https:\/\/portagasto.com\/es\/politica-cookiees\/"]}]},{"@type":"ImageObject","inLanguage":"es","@id":"https:\/\/portagasto.com\/es\/politica-cookiees\/#primaryimage","url":"https:\/\/portagasto.com\/wp-content\/uploads\/2025\/05\/porta-gasto-cta.jpg","contentUrl":"https:\/\/portagasto.com\/wp-content\/uploads\/2025\/05\/porta-gasto-cta.jpg","width":1000,"height":1000,"caption":"El nostre equip t\u2019acompanya en tot el proc\u00e9s, de principi a fi. Creem espais amb criteris d\u2019efici\u00e8ncia, qualitat i durabilitat."},{"@type":"BreadcrumbList","@id":"https:\/\/portagasto.com\/es\/politica-cookiees\/#breadcrumb","itemListElement":[{"@type":"ListItem","position":1,"name":"Inici","item":"https:\/\/portagasto.com\/es\/"},{"@type":"ListItem","position":2,"name":"Pol\u00edtica de Cookies"}]},{"@type":"WebSite","@id":"https:\/\/portagasto.com\/es\/#website","url":"https:\/\/portagasto.com\/es\/","name":"Porta Gast\u00f3","description":"Solucions completes en construcci\u00f3, reformes i instal\u00b7lacions. Ens ocupem de tot perqu\u00e8 no t\u2019hagis de preocupar de res.","potentialAction":[{"@type":"SearchAction","target":{"@type":"EntryPoint","urlTemplate":"https:\/\/portagasto.com\/es\/?s={search_term_string}"},"query-input":{"@type":"PropertyValueSpecification","valueRequired":true,"valueName":"search_term_string"}}],"inLanguage":"es"}]}},"_links":{"self":[{"href":"https:\/\/portagasto.com\/es\/wp-json\/wp\/v2\/pages\/2597","targetHints":{"allow":["GET"]}}],"collection":[{"href":"https:\/\/portagasto.com\/es\/wp-json\/wp\/v2\/pages"}],"about":[{"href":"https:\/\/portagasto.com\/es\/wp-json\/wp\/v2\/types\/page"}],"author":[{"embeddable":true,"href":"https:\/\/portagasto.com\/es\/wp-json\/wp\/v2\/users\/1"}],"replies":[{"embeddable":true,"href":"https:\/\/portagasto.com\/es\/wp-json\/wp\/v2\/comments?post=2597"}],"version-history":[{"count":3,"href":"https:\/\/portagasto.com\/es\/wp-json\/wp\/v2\/pages\/2597\/revisions"}],"predecessor-version":[{"id":2878,"href":"https:\/\/portagasto.com\/es\/wp-json\/wp\/v2\/pages\/2597\/revisions\/2878"}],"wp:featuredmedia":[{"embeddable":true,"href":"https:\/\/portagasto.com\/es\/wp-json\/wp\/v2\/media\/2540"}],"wp:attachment":[{"href":"https:\/\/portagasto.com\/es\/wp-json\/wp\/v2\/media?parent=2597"}],"curies":[{"name":"wp","href":"https:\/\/api.w.org\/{rel}","templated":true}]}}