{"id":2594,"date":"2025-05-28T11:13:45","date_gmt":"2025-05-28T09:13:45","guid":{"rendered":"https:\/\/portagasto.com\/politica-privacitat\/"},"modified":"2025-07-21T16:11:47","modified_gmt":"2025-07-21T14:11:47","slug":"politica-privacidad","status":"publish","type":"page","link":"https:\/\/portagasto.com\/es\/politica-privacidad\/","title":{"rendered":"Pol\u00edtica de Privacidad"},"content":{"rendered":"<div class=\"fusion-fullwidth fullwidth-box fusion-builder-row-1 fusion-flex-container has-pattern-background has-mask-background nonhundred-percent-fullwidth non-hundred-percent-height-scrolling\" style=\"--awb-border-radius-top-left:0px;--awb-border-radius-top-right:0px;--awb-border-radius-bottom-right:0px;--awb-border-radius-bottom-left:0px;--awb-padding-top:60px;--awb-padding-bottom:60px;--awb-flex-wrap:wrap;\" ><div class=\"fusion-builder-row fusion-row fusion-flex-align-items-flex-start fusion-flex-content-wrap\" style=\"max-width:1248px;margin-left: calc(-4% \/ 2 );margin-right: calc(-4% \/ 2 );\"><div class=\"fusion-layout-column fusion_builder_column fusion-builder-column-0 fusion_builder_column_1_1 1_1 fusion-flex-column\" style=\"--awb-bg-size:cover;--awb-width-large:100%;--awb-spacing-right-large:1.92%;--awb-margin-bottom-large:0px;--awb-spacing-left-large:1.92%;--awb-width-medium:100%;--awb-order-medium:0;--awb-spacing-right-medium:1.92%;--awb-spacing-left-medium:1.92%;--awb-width-small:100%;--awb-order-small:0;--awb-spacing-right-small:1.92%;--awb-spacing-left-small:1.92%;\"><div class=\"fusion-column-wrapper fusion-column-has-shadow fusion-flex-justify-content-flex-start fusion-content-layout-column\"><div class=\"fusion-text fusion-text-1 fusion-text-no-margin\" style=\"--awb-text-color:var(--awb-color8);--awb-margin-bottom:30px;\"><p data-start=\"66\" data-end=\"381\">En cumplimiento del Cap\u00edtulo II de la ley 34\/2002, LSSICE, le informamos que la presente p\u00e1gina web es propiedad de PORTA GAST\u00d3 S.L, en adelante tambi\u00e9n el Prestador, domiciliada en C\/ Enginyer Cabezas, 3-5 25691 \u00c0ger (Lleida), con CIF B25540501, tel\u00e9fono de contacto: 973 45 51 60, y email: <a class=\"cursor-pointer\" rel=\"noopener\" data-start=\"358\" data-end=\"380\">consfporta@hotmail.com<\/a>.<\/p>\n<p data-start=\"383\" data-end=\"1225\">PORTA GAST\u00d3 S.L., como responsable del presente sitio web y de conformidad con lo dispuesto en la normativa vigente en materia de protecci\u00f3n de datos personales, el Reglamento (UE) 2016\/679 de 27 de abril de 2016 (RGPD) relativo a la protecci\u00f3n de las personas f\u00edsicas respecto al tratamiento de datos personales y a la libre circulaci\u00f3n de estos datos, la Ley Org\u00e1nica 15\/1999, de 13 de diciembre, de Protecci\u00f3n de Datos de Car\u00e1cter Personal (LOPD) y la Ley 34\/2002, de 11 de julio, de Servicios de la Sociedad de la Informaci\u00f3n y del Comercio Electr\u00f3nico (LSSICE), tiene implementadas todas las medidas de seguridad, de \u00edndole t\u00e9cnica y organizativa, establecidas en el Real Decreto 1720\/2007 de 21 de diciembre, (que desarrolla la LOPD) para garantizar y proteger la confidencialidad, integridad y disponibilidad de los datos introducidos.<\/p>\n<p data-start=\"1227\" data-end=\"1917\">A efectos de lo previsto en la LOPD, PORTA GAST\u00d3 S.L le informa que los datos que voluntariamente nos est\u00e1 facilitando ser\u00e1n incorporados a nuestros sistemas de informaci\u00f3n con la finalidad de realizar las gestiones comerciales y administrativas necesarias con los usuarios de la web; Las operaciones previstas para realizar los tratamientos son las siguientes: responder a las consultas y\/o proporcionar informaciones requeridas por el Usuario; realizar las prestaciones de servicios y\/o productos contratados o suscritos por el Usuario; realizar todas aquellas actividades propias de PORTA GAST\u00d3 S.L se\u00f1aladas en el presente aviso legal; y remitir el bolet\u00edn de noticias de la p\u00e1gina web.<\/p>\n<p data-start=\"1919\" data-end=\"2052\">El firmante garantiza la veracidad de los datos aportados y se compromete a comunicar cualquier cambio que se produzca en los mismos.<\/p>\n<p data-start=\"2054\" data-end=\"2443\">El Prestador, mediante asterisco (*) en las casillas correspondientes del formulario de contacto, informa al Usuario de esta obligatoriedad, indicando qu\u00e9 datos son necesarios. Mediante la indicaci\u00f3n e introducci\u00f3n de los datos, el Usuario otorga el consentimiento inequ\u00edvoco a PORTA GAST\u00d3 S.L para que proceda al tratamiento de los datos facilitados en pro de las finalidades mencionadas.<\/p>\n<p data-start=\"2445\" data-end=\"2665\">No facilitar los datos personales solicitados o no aceptar la presente pol\u00edtica de protecci\u00f3n de datos supone la imposibilidad de suscribirse, registrarse o recibir informaci\u00f3n de los productos y servicios del prestador.<\/p>\n<p data-start=\"2667\" data-end=\"3205\">De conformidad con lo dispuesto en las normativas vigentes en protecci\u00f3n de datos personales, el prestador cumple con todas las disposiciones de las normativas RGPD y LOPD para el tratamiento de los datos personales de su responsabilidad, y manifiestamente con los principios descritos en el art. 5 del RGPD y en el art. 4 de la LOPD, por los cuales son tratados de manera l\u00edcita, leal y transparente en relaci\u00f3n con el interesado y adecuados, pertinentes y limitados a lo necesario en relaci\u00f3n con los fines para los cuales son tratados.<\/p>\n<p data-start=\"3207\" data-end=\"3425\">El Responsable garantiza que ha implementado pol\u00edticas t\u00e9cnicas y organizativas apropiadas para aplicar las medidas de seguridad que establecen el RGPD y la LOPD para proteger los derechos y libertades de los Usuarios.<\/p>\n<p data-start=\"3427\" data-end=\"4238\">De acuerdo con estas normativas, por tanto, le informamos que tiene derecho a solicitar el acceso, rectificaci\u00f3n, portabilidad y supresi\u00f3n de sus datos y la limitaci\u00f3n y oposici\u00f3n a su tratamiento dirigi\u00e9ndose a Pl. del Jutge, s\/n, enviando un correo electr\u00f3nico a <a class=\"cursor-pointer\" rel=\"noopener\" data-start=\"3692\" data-end=\"3714\">consfporta@hotmail.com<\/a>, indicando como Asunto: \u201cLOPD, Derechos ARCO\u201d, y adjuntando fotocopia de su DNI o cualquier medio an\u00e1logo en derecho, tal y como indica la ley. Tiene derecho a retirar el consentimiento prestado en cualquier momento. La retirada del consentimiento no afectar\u00e1 la licitud del tratamiento efectuado antes de la retirada del consentimiento. Tambi\u00e9n tiene derecho a presentar una reclamaci\u00f3n ante la autoridad de control si considera que pueden haberse vulnerado sus derechos en relaci\u00f3n a la protecci\u00f3n de sus datos (agpd.es).<\/p>\n<div>\n<p data-start=\"68\" data-end=\"117\"><strong data-start=\"68\" data-end=\"117\">CONFIDENCIALIDAD Y CESI\u00d3N DE DATOS A TERCEROS<\/strong><\/p>\n<p data-start=\"119\" data-end=\"747\">Los datos que nos facilite ser\u00e1n tratados de forma confidencial. El prestador ha adoptado todas las medidas t\u00e9cnicas y organizativas y todos los niveles de protecci\u00f3n necesarios para garantizar la seguridad en el tratamiento de los datos y evitar su alteraci\u00f3n, p\u00e9rdida, robo, tratamiento o acceso no autorizado, teniendo en cuenta el estado de la tecnolog\u00eda y la naturaleza de los datos almacenados. Asimismo, se garantiza tambi\u00e9n que el tratamiento y registro en ficheros, programas, sistemas o equipos, locales y centros cumplen con los requisitos y condiciones de integridad y seguridad establecidas en la normativa vigente.<\/p>\n<p data-start=\"749\" data-end=\"1752\">PORTA GAST\u00d3 S.L no ceder\u00e1 los datos personales a terceros, salvo por obligaci\u00f3n legal. No obstante, en caso de cederse a alg\u00fan tercero, se realizar\u00e1 una informaci\u00f3n previa solicitando el consentimiento expreso para dicha cesi\u00f3n. La entidad responsable de la base de datos, as\u00ed como los que intervengan en cualquier fase del tratamiento y\/o las entidades a quienes se les haya comunicado \u2014en todo caso siempre con la correspondiente autorizaci\u00f3n otorgada por el usuario\u2014, est\u00e1n obligadas a observar el secreto profesional y a adoptar los niveles de protecci\u00f3n y las medidas t\u00e9cnicas y organizativas necesarias a su alcance para garantizar la seguridad de los datos de car\u00e1cter personal, evitando, en la medida de lo posible, accesos no autorizados, modificaciones il\u00edcitas, sustracciones y\/o la p\u00e9rdida de los datos, a fin de procurar el correspondiente nivel de seguridad de los ficheros del prestador, seg\u00fan la naturaleza y sensibilidad de los datos facilitados por los usuarios del presente sitio web.<\/p>\n<p data-start=\"1754\" data-end=\"1785\"><strong data-start=\"1754\" data-end=\"1785\">ACEPTACI\u00d3N Y CONSENTIMIENTO<\/strong><\/p>\n<p data-start=\"1787\" data-end=\"2094\">El Usuario declara haber sido informado de las condiciones sobre protecci\u00f3n de datos de car\u00e1cter personal, aceptando y consintiendo el tratamiento automatizado de los mismos por parte de PORTA GAST\u00d3 S.L. en la forma y para las finalidades indicadas en la presente Pol\u00edtica de Protecci\u00f3n de Datos Personales.<\/p>\n<p data-start=\"2096\" data-end=\"2470\">Por tanto, al utilizar este formulario para contactar con PORTA GAST\u00d3 S.L., est\u00e1 autorizando expresamente la utilizaci\u00f3n de sus datos para el env\u00edo de comunicaciones comerciales, por cualquier medio (incluido correo electr\u00f3nico a <a class=\"cursor-pointer\" rel=\"noopener\" data-start=\"2326\" data-end=\"2348\">consfporta@hotmail.com<\/a>), pudiendo anular esta autorizaci\u00f3n cuando lo desee, dirigi\u00e9ndose a PORTA GAST\u00d3 S.L. a trav\u00e9s de los medios establecidos.<\/p>\n<p data-start=\"2472\" data-end=\"3146\">Mediante esta Pol\u00edtica de Privacidad le informamos que las fotograf\u00edas que est\u00e9n colgadas en la web son propiedad de PORTA GAST\u00d3 S.L, incluyendo las de menores, en las que, para la obtenci\u00f3n de estas, se ha obtenido el consentimiento previo de los padres, tutores o representantes legales mediante la firma de los formularios realizados a tal efecto por los centros en los que los menores forman parte. No obstante, los padres, tutores o representantes de los menores, como titulares del ejercicio de los derechos de estos, y siempre previa solicitud formal por escrito, pueden indicar la negativa al uso de la imagen del menor; en este caso, la imagen se mostrar\u00e1 pixelada.<\/p>\n<p data-start=\"3148\" data-end=\"3186\"><strong data-start=\"3148\" data-end=\"3186\">EXACTITUD Y VERACIDAD DE LOS DATOS<\/strong><\/p>\n<p data-start=\"3188\" data-end=\"3659\">El usuario es el \u00fanico responsable de la veracidad y correcci\u00f3n de los datos que remita a PORTA GAST\u00d3 S.L., exonerando al Prestador de cualquier responsabilidad al respecto. Los usuarios garantizan y responden, en cualquier caso, de la exactitud, vigencia y autenticidad de los datos personales facilitados, y se comprometen a mantenerlos debidamente actualizados. El usuario acepta proporcionar informaci\u00f3n completa y correcta en el formulario de registro o suscripci\u00f3n.<\/p>\n<p data-start=\"3661\" data-end=\"3702\"><strong data-start=\"3661\" data-end=\"3702\">CONTENIDO DE LA WEB Y ENLACES (LINKS)<\/strong><\/p>\n<p data-start=\"3704\" data-end=\"3880\">PORTA GAST\u00d3 S.L. se reserva el derecho a actualizar, modificar o eliminar la informaci\u00f3n contenida en la web, pudiendo incluso limitar o no permitir el acceso a la informaci\u00f3n.<\/p>\n<p data-start=\"3882\" data-end=\"4097\">PORTA GAST\u00d3 S.L. no asume ning\u00fan tipo de responsabilidad por la informaci\u00f3n contenida en las webs de terceros a las que se pueda acceder mediante \u00ablinks\u00bb o enlaces desde cualquier p\u00e1gina web propiedad del prestador.<\/p>\n<p data-start=\"4099\" data-end=\"4255\">La presencia de \u00ablinks\u00bb o enlaces tiene solo finalidad informativa y en ning\u00fan caso supone ninguna sugerencia, invitaci\u00f3n o reconocimiento sobre los mismos.<\/p>\n<\/div>\n<div>\n<p data-start=\"85\" data-end=\"100\"><strong data-start=\"85\" data-end=\"100\">ENV\u00cdO DE CV<\/strong><\/p>\n<p data-start=\"102\" data-end=\"777\">En caso de que el usuario env\u00ede su CV a trav\u00e9s de nuestra web, le informamos que los datos aportados ser\u00e1n tratados para hacerlo part\u00edcipe de los procesos de selecci\u00f3n que puedan existir, llevando a cabo un an\u00e1lisis del perfil del solicitante con el objetivo de seleccionar al mejor candidato para el puesto vacante de Responsable. Le informamos que este es el \u00fanico procedimiento oficial para aceptar su curr\u00edculum, por lo que no se aceptar\u00e1n los curr\u00edculums remitidos por otro procedimiento distinto. En caso de producirse alguna modificaci\u00f3n en los datos, le rogamos nos lo comunique por escrito lo antes posible, con el fin de mantener sus datos debidamente actualizados.<\/p>\n<p data-start=\"779\" data-end=\"1183\">Los datos se conservar\u00e1n durante un plazo m\u00e1ximo de un a\u00f1o, transcurrido el cual se proceder\u00e1 a la supresi\u00f3n de los datos garantiz\u00e1ndole un total respeto a la confidencialidad tanto en el tratamiento como en su posterior destrucci\u00f3n. En este sentido, transcurrido dicho plazo, y si desea continuar participando en los procesos de selecci\u00f3n del Responsable, le rogamos nos remita nuevamente su curr\u00edculum.<\/p>\n<p data-start=\"1185\" data-end=\"1366\">Los datos podr\u00e1n ser tratados y\/o comunicados a las empresas integrantes de nuestro grupo durante el tiempo de conservaci\u00f3n de su curr\u00edculum y para los mismos fines antes indicados.<\/p>\n<hr data-start=\"1368\" data-end=\"1371\" \/>\n<p data-start=\"1373\" data-end=\"1407\"><strong data-start=\"1373\" data-end=\"1407\">SUSCRIPCI\u00d3N AL BLOG DE EMPRESA<\/strong><\/p>\n<p data-start=\"1409\" data-end=\"1928\">En caso de que el usuario se suscriba al blog, le informamos que los datos aportados ser\u00e1n tratados para gestionar su suscripci\u00f3n al blog informativo con aviso de actualizaci\u00f3n y que se conservar\u00e1n mientras exista un inter\u00e9s mutuo para mantener la finalidad del tratamiento. Cuando ya no sea necesario para dicha finalidad, se suprimir\u00e1n con medidas de seguridad adecuadas para garantizar la seudonimizaci\u00f3n de los datos o destrucci\u00f3n total de los mismos. No se comunicar\u00e1n los datos a terceros, salvo obligaci\u00f3n legal.<\/p>\n<hr data-start=\"1930\" data-end=\"1933\" \/>\n<p data-start=\"1935\" data-end=\"1961\"><strong data-start=\"1935\" data-end=\"1961\">PARTICIPACI\u00d3N EN FOROS<\/strong><\/p>\n<p data-start=\"1963\" data-end=\"2697\">En caso de que el usuario quiera participar en los foros de la web, le informamos que los datos aportados ser\u00e1n tratados para regular la participaci\u00f3n en los mismos. Cualquier registro o transmisi\u00f3n de datos personales que el usuario de este foro facilite supone el conocimiento y aceptaci\u00f3n inequ\u00edvoca del Aviso Legal y la Pol\u00edtica de Privacidad expuestos en la p\u00e1gina web. Los datos se conservar\u00e1n mientras exista un inter\u00e9s mutuo para mantener la finalidad del tratamiento y cuando ya no sea necesario para dicha finalidad, se suprimir\u00e1n con medidas de seguridad adecuadas para garantizar la seudonimizaci\u00f3n de los datos o destrucci\u00f3n total de los mismos. Las publicaciones se mostrar\u00e1n p\u00fablicamente a los usuarios del foro online.<\/p>\n<hr data-start=\"2699\" data-end=\"2702\" \/>\n<p data-start=\"2704\" data-end=\"2736\"><strong data-start=\"2704\" data-end=\"2736\">PUBLICACI\u00d3N DE SU TESTIMONIO<\/strong><\/p>\n<p data-start=\"2738\" data-end=\"3441\">En caso de que el usuario quiera publicar su opini\u00f3n en la web, le informamos que los datos aportados ser\u00e1n tratados para atender las sugerencias propuestas, experiencias u opiniones respecto a los productos y\/o servicios para ser publicadas en la p\u00e1gina web y as\u00ed poder ayudar a otros usuarios. Los datos se conservar\u00e1n mientras exista un inter\u00e9s mutuo para mantener la finalidad del tratamiento y cuando ya no sea necesario para dicha finalidad, se suprimir\u00e1n con medidas de seguridad adecuadas para garantizar la seudonimizaci\u00f3n de los datos o destrucci\u00f3n total de los mismos. Los testimonios se publicar\u00e1n en nuestra p\u00e1gina web. El \u00fanico dato personal que se publicar\u00e1 del testimonio ser\u00e1 su nombre.<\/p>\n<hr data-start=\"3443\" data-end=\"3446\" \/>\n<p data-start=\"3448\" data-end=\"3497\"><strong data-start=\"3448\" data-end=\"3497\">CAMBIOS EN LA PRESENTE POL\u00cdTICA DE PRIVACIDAD<\/strong><\/p>\n<p data-start=\"3499\" data-end=\"3630\">PORTA GAST\u00d3 S.L se reserva el derecho a modificar la presente pol\u00edtica para adaptarla a novedades legislativas o jurisprudenciales.<\/p>\n<hr data-start=\"3632\" data-end=\"3635\" \/>\n<p data-start=\"3637\" data-end=\"3660\"><strong data-start=\"3637\" data-end=\"3660\">CORREOS COMERCIALES<\/strong><\/p>\n<p data-start=\"3662\" data-end=\"4092\">De acuerdo con la LSSICE, PORTA GAST\u00d3 S.L no realiza pr\u00e1cticas de SPAM, por lo tanto, no env\u00eda correos comerciales por e-mail que no hayan sido previamente solicitados o autorizados por el Usuario. En consecuencia, en cada uno de los formularios de la P\u00e1gina Web, el Usuario tiene la posibilidad de dar su consentimiento expreso para recibir nuestro Bolet\u00edn, independientemente de la informaci\u00f3n comercial puntualmente solicitada.<\/p>\n<hr data-start=\"4094\" data-end=\"4097\" \/>\n<p data-start=\"4099\" data-end=\"4114\"><strong data-start=\"4099\" data-end=\"4114\">LEGISLACI\u00d3N<\/strong><\/p>\n<p data-start=\"4116\" data-end=\"4483\">Con car\u00e1cter general, las relaciones entre PORTA GAST\u00d3 S.L con los Usuarios de sus servicios telem\u00e1ticos, presentes en esta Web, est\u00e1n sometidas a la legislaci\u00f3n y jurisdicci\u00f3n espa\u00f1olas a las que se someten expresamente las partes, siendo competentes para la resoluci\u00f3n de todos los conflictos derivados o relacionados con su uso los Juzgados y Tribunales de Lleida.<\/p>\n<\/div>\n<\/div><\/div><\/div><\/div><\/div>\n","protected":false},"excerpt":{"rendered":"","protected":false},"author":1,"featured_media":2540,"parent":0,"menu_order":0,"comment_status":"closed","ping_status":"closed","template":"100-width.php","meta":{"_acf_changed":false,"footnotes":""},"class_list":["post-2594","page","type-page","status-publish","has-post-thumbnail","hentry"],"acf":[],"yoast_head":"<!-- This site is optimized with the Yoast SEO plugin v25.2 - https:\/\/yoast.com\/wordpress\/plugins\/seo\/ -->\n<title>Pol\u00edtica de Privacidad - Porta Gast\u00f3<\/title>\n<meta name=\"robots\" content=\"index, follow, max-snippet:-1, max-image-preview:large, max-video-preview:-1\" \/>\n<link rel=\"canonical\" href=\"https:\/\/portagasto.com\/es\/politica-privacidad\/\" \/>\n<meta property=\"og:locale\" content=\"es_ES\" \/>\n<meta property=\"og:type\" content=\"article\" \/>\n<meta property=\"og:title\" content=\"Pol\u00edtica de Privacidad - Porta Gast\u00f3\" \/>\n<meta property=\"og:url\" content=\"https:\/\/portagasto.com\/es\/politica-privacidad\/\" \/>\n<meta property=\"og:site_name\" content=\"Porta Gast\u00f3\" \/>\n<meta property=\"article:modified_time\" content=\"2025-07-21T14:11:47+00:00\" \/>\n<meta property=\"og:image\" content=\"https:\/\/portagasto.com\/wp-content\/uploads\/2025\/05\/porta-gasto-cta.jpg\" \/>\n\t<meta property=\"og:image:width\" content=\"1000\" \/>\n\t<meta property=\"og:image:height\" content=\"1000\" \/>\n\t<meta property=\"og:image:type\" content=\"image\/jpeg\" \/>\n<meta name=\"twitter:card\" content=\"summary_large_image\" \/>\n<meta name=\"twitter:label1\" content=\"Tiempo de lectura\" \/>\n\t<meta name=\"twitter:data1\" content=\"11 minutos\" \/>\n<script type=\"application\/ld+json\" class=\"yoast-schema-graph\">{\"@context\":\"https:\/\/schema.org\",\"@graph\":[{\"@type\":\"WebPage\",\"@id\":\"https:\/\/portagasto.com\/es\/politica-privacidad\/\",\"url\":\"https:\/\/portagasto.com\/es\/politica-privacidad\/\",\"name\":\"Pol\u00edtica de Privacidad - Porta Gast\u00f3\",\"isPartOf\":{\"@id\":\"https:\/\/portagasto.com\/es\/#website\"},\"primaryImageOfPage\":{\"@id\":\"https:\/\/portagasto.com\/es\/politica-privacidad\/#primaryimage\"},\"image\":{\"@id\":\"https:\/\/portagasto.com\/es\/politica-privacidad\/#primaryimage\"},\"thumbnailUrl\":\"https:\/\/portagasto.com\/wp-content\/uploads\/2025\/05\/porta-gasto-cta.jpg\",\"datePublished\":\"2025-05-28T09:13:45+00:00\",\"dateModified\":\"2025-07-21T14:11:47+00:00\",\"breadcrumb\":{\"@id\":\"https:\/\/portagasto.com\/es\/politica-privacidad\/#breadcrumb\"},\"inLanguage\":\"es\",\"potentialAction\":[{\"@type\":\"ReadAction\",\"target\":[\"https:\/\/portagasto.com\/es\/politica-privacidad\/\"]}]},{\"@type\":\"ImageObject\",\"inLanguage\":\"es\",\"@id\":\"https:\/\/portagasto.com\/es\/politica-privacidad\/#primaryimage\",\"url\":\"https:\/\/portagasto.com\/wp-content\/uploads\/2025\/05\/porta-gasto-cta.jpg\",\"contentUrl\":\"https:\/\/portagasto.com\/wp-content\/uploads\/2025\/05\/porta-gasto-cta.jpg\",\"width\":1000,\"height\":1000,\"caption\":\"El nostre equip t\u2019acompanya en tot el proc\u00e9s, de principi a fi. Creem espais amb criteris d\u2019efici\u00e8ncia, qualitat i durabilitat.\"},{\"@type\":\"BreadcrumbList\",\"@id\":\"https:\/\/portagasto.com\/es\/politica-privacidad\/#breadcrumb\",\"itemListElement\":[{\"@type\":\"ListItem\",\"position\":1,\"name\":\"Inici\",\"item\":\"https:\/\/portagasto.com\/es\/\"},{\"@type\":\"ListItem\",\"position\":2,\"name\":\"Pol\u00edtica de Privacidad\"}]},{\"@type\":\"WebSite\",\"@id\":\"https:\/\/portagasto.com\/es\/#website\",\"url\":\"https:\/\/portagasto.com\/es\/\",\"name\":\"Porta Gast\u00f3\",\"description\":\"Solucions completes en construcci\u00f3, reformes i instal\u00b7lacions. Ens ocupem de tot perqu\u00e8 no t\u2019hagis de preocupar de res.\",\"potentialAction\":[{\"@type\":\"SearchAction\",\"target\":{\"@type\":\"EntryPoint\",\"urlTemplate\":\"https:\/\/portagasto.com\/es\/?s={search_term_string}\"},\"query-input\":{\"@type\":\"PropertyValueSpecification\",\"valueRequired\":true,\"valueName\":\"search_term_string\"}}],\"inLanguage\":\"es\"}]}<\/script>\n<!-- \/ Yoast SEO plugin. -->","yoast_head_json":{"title":"Pol\u00edtica de Privacidad - Porta Gast\u00f3","robots":{"index":"index","follow":"follow","max-snippet":"max-snippet:-1","max-image-preview":"max-image-preview:large","max-video-preview":"max-video-preview:-1"},"canonical":"https:\/\/portagasto.com\/es\/politica-privacidad\/","og_locale":"es_ES","og_type":"article","og_title":"Pol\u00edtica de Privacidad - Porta Gast\u00f3","og_url":"https:\/\/portagasto.com\/es\/politica-privacidad\/","og_site_name":"Porta Gast\u00f3","article_modified_time":"2025-07-21T14:11:47+00:00","og_image":[{"width":1000,"height":1000,"url":"https:\/\/portagasto.com\/wp-content\/uploads\/2025\/05\/porta-gasto-cta.jpg","type":"image\/jpeg"}],"twitter_card":"summary_large_image","twitter_misc":{"Tiempo de lectura":"11 minutos"},"schema":{"@context":"https:\/\/schema.org","@graph":[{"@type":"WebPage","@id":"https:\/\/portagasto.com\/es\/politica-privacidad\/","url":"https:\/\/portagasto.com\/es\/politica-privacidad\/","name":"Pol\u00edtica de Privacidad - Porta Gast\u00f3","isPartOf":{"@id":"https:\/\/portagasto.com\/es\/#website"},"primaryImageOfPage":{"@id":"https:\/\/portagasto.com\/es\/politica-privacidad\/#primaryimage"},"image":{"@id":"https:\/\/portagasto.com\/es\/politica-privacidad\/#primaryimage"},"thumbnailUrl":"https:\/\/portagasto.com\/wp-content\/uploads\/2025\/05\/porta-gasto-cta.jpg","datePublished":"2025-05-28T09:13:45+00:00","dateModified":"2025-07-21T14:11:47+00:00","breadcrumb":{"@id":"https:\/\/portagasto.com\/es\/politica-privacidad\/#breadcrumb"},"inLanguage":"es","potentialAction":[{"@type":"ReadAction","target":["https:\/\/portagasto.com\/es\/politica-privacidad\/"]}]},{"@type":"ImageObject","inLanguage":"es","@id":"https:\/\/portagasto.com\/es\/politica-privacidad\/#primaryimage","url":"https:\/\/portagasto.com\/wp-content\/uploads\/2025\/05\/porta-gasto-cta.jpg","contentUrl":"https:\/\/portagasto.com\/wp-content\/uploads\/2025\/05\/porta-gasto-cta.jpg","width":1000,"height":1000,"caption":"El nostre equip t\u2019acompanya en tot el proc\u00e9s, de principi a fi. Creem espais amb criteris d\u2019efici\u00e8ncia, qualitat i durabilitat."},{"@type":"BreadcrumbList","@id":"https:\/\/portagasto.com\/es\/politica-privacidad\/#breadcrumb","itemListElement":[{"@type":"ListItem","position":1,"name":"Inici","item":"https:\/\/portagasto.com\/es\/"},{"@type":"ListItem","position":2,"name":"Pol\u00edtica de Privacidad"}]},{"@type":"WebSite","@id":"https:\/\/portagasto.com\/es\/#website","url":"https:\/\/portagasto.com\/es\/","name":"Porta Gast\u00f3","description":"Solucions completes en construcci\u00f3, reformes i instal\u00b7lacions. Ens ocupem de tot perqu\u00e8 no t\u2019hagis de preocupar de res.","potentialAction":[{"@type":"SearchAction","target":{"@type":"EntryPoint","urlTemplate":"https:\/\/portagasto.com\/es\/?s={search_term_string}"},"query-input":{"@type":"PropertyValueSpecification","valueRequired":true,"valueName":"search_term_string"}}],"inLanguage":"es"}]}},"_links":{"self":[{"href":"https:\/\/portagasto.com\/es\/wp-json\/wp\/v2\/pages\/2594","targetHints":{"allow":["GET"]}}],"collection":[{"href":"https:\/\/portagasto.com\/es\/wp-json\/wp\/v2\/pages"}],"about":[{"href":"https:\/\/portagasto.com\/es\/wp-json\/wp\/v2\/types\/page"}],"author":[{"embeddable":true,"href":"https:\/\/portagasto.com\/es\/wp-json\/wp\/v2\/users\/1"}],"replies":[{"embeddable":true,"href":"https:\/\/portagasto.com\/es\/wp-json\/wp\/v2\/comments?post=2594"}],"version-history":[{"count":3,"href":"https:\/\/portagasto.com\/es\/wp-json\/wp\/v2\/pages\/2594\/revisions"}],"predecessor-version":[{"id":2880,"href":"https:\/\/portagasto.com\/es\/wp-json\/wp\/v2\/pages\/2594\/revisions\/2880"}],"wp:featuredmedia":[{"embeddable":true,"href":"https:\/\/portagasto.com\/es\/wp-json\/wp\/v2\/media\/2540"}],"wp:attachment":[{"href":"https:\/\/portagasto.com\/es\/wp-json\/wp\/v2\/media?parent=2594"}],"curies":[{"name":"wp","href":"https:\/\/api.w.org\/{rel}","templated":true}]}}